{"id":15507,"date":"2025-12-18T13:08:47","date_gmt":"2025-12-18T13:08:47","guid":{"rendered":"https:\/\/samanaboardwalk.com\/?post_type=product&#038;p=15507"},"modified":"2026-02-14T02:23:41","modified_gmt":"2026-02-14T02:23:41","slug":"privater-flughafentransfer-von-santo-domingo-nach-punta-cana","status":"publish","type":"product","link":"https:\/\/samanaboardwalk.com\/de\/tour\/privater-flughafentransfer-von-santo-domingo-nach-punta-cana\/","title":{"rendered":"Privater Flughafentransfer Santo Domingo nach Punta Cana"},"content":{"rendered":"<p>Enjoy a private airport transfer service from Santo Domingo Airport to your hotel in Punta Cana. Travel in a modern, comfortable vehicle and enjoy a stress-free start to your vacation.<\/p>\n<p>Sie werden von Ihrem Fahrer am Flughafen begr\u00fc\u00dft und erhalten Hilfe mit Ihrem Gep\u00e4ck. Dann lehnen Sie sich zur\u00fcck und entspannen Sie sich, w\u00e4hrend Sie zu Ihrem Hotel in Punta Cana gefahren werden.<\/p>\n<div class=\"toggle-content__content toggle-content__content--expanded toggle-content__content--packable\" data-v-59485d64=\"\">\n<div data-test-id=\"activity-full-description-text\" data-v-5835c99c=\"\">Reisen Sie in einem modernen, komfortablen Fahrzeug und genie\u00dfen Sie einen stressfreien Start in Ihren Urlaub. Profitieren Sie von einem Service, der rund um die Uhr verf\u00fcgbar ist und auf Ihre Bed\u00fcrfnisse zugeschnitten ist.<\/div>\n<\/div>\n<div class=\"toggle-content__label-placeholder\" data-v-59485d64=\"\"><\/div>","protected":false},"excerpt":{"rendered":"<div data-track=\"overview\" data-v-83a2b402=\"\">\n<section id=\"activity-overview\" class=\"activity-overview\" data-component=\"overview\" data-v-83a2b402=\"\" data-v-f3236c42=\"\">\n<p class=\"activity-overview__content\" data-test-id=\"activity-overview-content\" data-v-f3236c42=\"\">Enjoy a private transfer from Santo Domingo to your hotel in the city. Travel in comfort and style in a modern, air-conditioned vehicle.<\/p>\n<\/section>\n<\/div>\n<div data-track=\"key-details\" data-v-83a2b402=\"\"><\/div>","protected":false},"featured_media":15632,"template":"","meta":[],"product_brand":[],"product_cat":[97],"product_tag":[101,102],"class_list":{"0":"post-15507","1":"product","2":"type-product","3":"status-publish","4":"has-post-thumbnail","6":"product_cat-dominican-republic","7":"product_tag-excursion","8":"product_tag-tour","10":"first","11":"instock","12":"shipping-taxable","13":"product-type-external"},"_links":{"self":[{"href":"https:\/\/samanaboardwalk.com\/de\/wp-json\/wp\/v2\/product\/15507","targetHints":{"allow":["GET"]}}],"collection":[{"href":"https:\/\/samanaboardwalk.com\/de\/wp-json\/wp\/v2\/product"}],"about":[{"href":"https:\/\/samanaboardwalk.com\/de\/wp-json\/wp\/v2\/types\/product"}],"wp:featuredmedia":[{"embeddable":true,"href":"https:\/\/samanaboardwalk.com\/de\/wp-json\/wp\/v2\/media\/15632"}],"wp:attachment":[{"href":"https:\/\/samanaboardwalk.com\/de\/wp-json\/wp\/v2\/media?parent=15507"}],"wp:term":[{"taxonomy":"product_brand","embeddable":true,"href":"https:\/\/samanaboardwalk.com\/de\/wp-json\/wp\/v2\/product_brand?post=15507"},{"taxonomy":"product_cat","embeddable":true,"href":"https:\/\/samanaboardwalk.com\/de\/wp-json\/wp\/v2\/product_cat?post=15507"},{"taxonomy":"product_tag","embeddable":true,"href":"https:\/\/samanaboardwalk.com\/de\/wp-json\/wp\/v2\/product_tag?post=15507"}],"curies":[{"name":"wp","href":"https:\/\/api.w.org\/{rel}","templated":true}]}}