{"id":10323,"date":"2025-12-18T09:31:24","date_gmt":"2025-12-18T09:31:24","guid":{"rendered":"https:\/\/samanaboardwalk.com\/?post_type=product&#038;p=10323"},"modified":"2026-02-09T06:09:09","modified_gmt":"2026-02-09T06:09:09","slug":"alquiler-de-bicicletas-en-puerto-plata","status":"publish","type":"product","link":"https:\/\/samanaboardwalk.com\/es\/visita\/alquiler-de-bicicletas-en-puerto-plata\/","title":{"rendered":"Alquiler de bicicletas en Puerto Plata"},"content":{"rendered":"<p>\u00a1Explore Puerto Plata sobre dos ruedas y viva una experiencia \u00fanica con nuestro servicio de alquiler de bicicletas en Playa Dorada Mall! En nuestro tour operador, estamos orgullosos de ofrecer una forma emocionante de descubrir los encantos de esta hermosa regi\u00f3n de la Rep\u00fablica Dominicana.<\/p>\n<p>Nuestras motos est\u00e1n estrat\u00e9gicamente ubicadas en el centro comercial Playa Dorada, d\u00e1ndole la oportunidad de comenzar su aventura justo en el coraz\u00f3n de la acci\u00f3n. Desde este conveniente punto, puede acceder f\u00e1cilmente a las majestuosas playas de arena dorada, explorar encantadores pueblos locales y disfrutar de las vibrantes actividades culturales que Puerto Plata tiene para ofrecer.<\/p>\n<p>Alquilando una de nuestras bicicletas, se sumergir\u00e1 en la autenticidad de la regi\u00f3n, lo que le permitir\u00e1 explorar a su propio ritmo y descubrir joyas ocultas que de otro modo podr\u00eda pasar por alto. Adem\u00e1s, disfrutar\u00e1 de la libertad de dise\u00f1ar su propio itinerario, parando donde quiera y capturando momentos inolvidables por el camino.<\/p>\n<p>Nuestras bicicletas son de la m\u00e1s alta calidad, se mantienen y revisan con regularidad para garantizar una experiencia segura y c\u00f3moda. Tanto si elige una bicicleta de monta\u00f1a para aventurarse por senderos naturales como una bicicleta urbana para recorrer las calles de la ciudad, tenemos la opci\u00f3n perfecta para cada tipo de viajero.<\/p>\n<p>Adem\u00e1s de la libertad y la calidad de nuestras bicicletas, alquilar con nosotros ofrece ventajas exclusivas. Proporcionamos mapas detallados de las rutas sugeridas, destacando los lugares de inter\u00e9s y las recomendaciones locales. Tambi\u00e9n ofrecemos servicios adicionales, como alquiler de cascos y candados de seguridad, para garantizar su comodidad y tranquilidad durante el recorrido.<\/p>\n<p>Descubra Puerto Plata de una forma \u00fanica, activa y ecol\u00f3gica con nuestro servicio de alquiler de bicicletas en Playa Dorada Mall. \u00a1Emb\u00e1rcate en una experiencia inolvidable mientras exploras los tesoros de esta incre\u00edble regi\u00f3n con nosotros!<\/p>","protected":false},"excerpt":{"rendered":"<div data-track=\"overview\" data-v-83a2b402=\"\">\n<section id=\"activity-overview\" class=\"activity-overview\" data-component=\"overview\" data-v-83a2b402=\"\" data-v-f3236c42=\"\">\n<p class=\"activity-overview__content\" data-test-id=\"activity-overview-content\" data-v-f3236c42=\"\">Descubra Puerto Plata de una forma \u00fanica y emocionante alquilando nuestras bicicletas en Playa Dorada Mall.<\/p>\n<\/section>\n<\/div>\n<div data-track=\"key-details\" data-v-83a2b402=\"\"><\/div>","protected":false},"featured_media":10714,"template":"","meta":[],"product_brand":[],"product_cat":[97],"product_tag":[101,102],"class_list":{"0":"post-10323","1":"product","2":"type-product","3":"status-publish","4":"has-post-thumbnail","6":"product_cat-dominican-republic","7":"product_tag-excursion","8":"product_tag-tour","10":"first","11":"instock","12":"shipping-taxable","13":"product-type-external"},"_links":{"self":[{"href":"https:\/\/samanaboardwalk.com\/es\/wp-json\/wp\/v2\/product\/10323","targetHints":{"allow":["GET"]}}],"collection":[{"href":"https:\/\/samanaboardwalk.com\/es\/wp-json\/wp\/v2\/product"}],"about":[{"href":"https:\/\/samanaboardwalk.com\/es\/wp-json\/wp\/v2\/types\/product"}],"wp:featuredmedia":[{"embeddable":true,"href":"https:\/\/samanaboardwalk.com\/es\/wp-json\/wp\/v2\/media\/10714"}],"wp:attachment":[{"href":"https:\/\/samanaboardwalk.com\/es\/wp-json\/wp\/v2\/media?parent=10323"}],"wp:term":[{"taxonomy":"product_brand","embeddable":true,"href":"https:\/\/samanaboardwalk.com\/es\/wp-json\/wp\/v2\/product_brand?post=10323"},{"taxonomy":"product_cat","embeddable":true,"href":"https:\/\/samanaboardwalk.com\/es\/wp-json\/wp\/v2\/product_cat?post=10323"},{"taxonomy":"product_tag","embeddable":true,"href":"https:\/\/samanaboardwalk.com\/es\/wp-json\/wp\/v2\/product_tag?post=10323"}],"curies":[{"name":"wp","href":"https:\/\/api.w.org\/{rel}","templated":true}]}}