{"id":16301,"date":"2025-12-18T13:45:05","date_gmt":"2025-12-18T13:45:05","guid":{"rendered":"https:\/\/samanaboardwalk.com\/?post_type=product&#038;p=16301"},"modified":"2026-02-14T03:28:07","modified_gmt":"2026-02-14T03:28:07","slug":"transfert-vip-entre-laeroport-de-punta-cana-et-les-hotels-de-bavaro","status":"publish","type":"product","link":"https:\/\/samanaboardwalk.com\/fr\/tournee\/transfert-vip-entre-laeroport-de-punta-cana-et-les-hotels-de-bavaro\/","title":{"rendered":"Transfert VIP entre l'a\u00e9roport de Punta Cana et les h\u00f4tels de Bavaro"},"content":{"rendered":"<div class=\"toggle-content__content toggle-content__content--expanded toggle-content__content--packable\" data-v-59485d64=\"\">\n<div data-test-id=\"activity-full-description-text\" data-v-5835c99c=\"\">R\u00e9servez le transfert de votre choix sans complications, nous nous chargerons de vous accompagner durant votre circuit en R\u00e9publique Dominicaine, vous n'avez pas \u00e0 vous inqui\u00e9ter, nous sommes des experts en transferts et cela vous permet de recevoir le service que vous m\u00e9ritez de la part d'un professionnel, nous rendons vos voyages plus s\u00fbrs et plus relaxants, il suffit de r\u00e9server \u00e0 l'avance pour que votre service soit programm\u00e9 et que votre chauffeur soit pr\u00eat \u00e0 venir vous chercher \u00e0 l'a\u00e9roport de votre choix en R\u00e9publique Dominicaine, au Diamond nous sommes pr\u00eats pour votre arriv\u00e9e.<\/div>\n<\/div>\n<div class=\"toggle-content__label-placeholder\" data-v-59485d64=\"\"><\/div>","protected":false},"excerpt":{"rendered":"<div data-track=\"overview\" data-v-83a2b402=\"\">\n<section id=\"activity-overview\" class=\"activity-overview\" data-component=\"overview\" data-v-83a2b402=\"\" data-v-f3236c42=\"\">\n<p class=\"activity-overview__content\" data-test-id=\"activity-overview-content\" data-v-f3236c42=\"\">Pr\u00eat, r\u00e9servez votre transfert \u00e0 l'avance, chez diamond transportation nous nous chargeons de vous offrir un service \u00e9conomique et confortable.<\/p>\n<\/section>\n<\/div>\n<div data-track=\"key-details\" data-v-83a2b402=\"\"><\/div>","protected":false},"featured_media":16312,"template":"","meta":[],"product_brand":[],"product_cat":[97],"product_tag":[101,102],"class_list":{"0":"post-16301","1":"product","2":"type-product","3":"status-publish","4":"has-post-thumbnail","6":"product_cat-dominican-republic","7":"product_tag-excursion","8":"product_tag-tour","10":"first","11":"instock","12":"shipping-taxable","13":"product-type-external"},"_links":{"self":[{"href":"https:\/\/samanaboardwalk.com\/fr\/wp-json\/wp\/v2\/product\/16301","targetHints":{"allow":["GET"]}}],"collection":[{"href":"https:\/\/samanaboardwalk.com\/fr\/wp-json\/wp\/v2\/product"}],"about":[{"href":"https:\/\/samanaboardwalk.com\/fr\/wp-json\/wp\/v2\/types\/product"}],"wp:featuredmedia":[{"embeddable":true,"href":"https:\/\/samanaboardwalk.com\/fr\/wp-json\/wp\/v2\/media\/16312"}],"wp:attachment":[{"href":"https:\/\/samanaboardwalk.com\/fr\/wp-json\/wp\/v2\/media?parent=16301"}],"wp:term":[{"taxonomy":"product_brand","embeddable":true,"href":"https:\/\/samanaboardwalk.com\/fr\/wp-json\/wp\/v2\/product_brand?post=16301"},{"taxonomy":"product_cat","embeddable":true,"href":"https:\/\/samanaboardwalk.com\/fr\/wp-json\/wp\/v2\/product_cat?post=16301"},{"taxonomy":"product_tag","embeddable":true,"href":"https:\/\/samanaboardwalk.com\/fr\/wp-json\/wp\/v2\/product_tag?post=16301"}],"curies":[{"name":"wp","href":"https:\/\/api.w.org\/{rel}","templated":true}]}}